{"id":2274,"date":"2025-08-26T13:31:33","date_gmt":"2025-08-26T12:31:33","guid":{"rendered":"https:\/\/www.vitalsenior.es\/cultura-y-lenguas-locales\/"},"modified":"2026-02-06T17:55:43","modified_gmt":"2026-02-06T16:55:43","slug":"cultura-y-lenguas-locales","status":"publish","type":"page","link":"https:\/\/www.vitalsenior.es\/ca\/cultura-y-lenguas-locales\/","title":{"rendered":"Cultura i lleng\u00fces locals"},"content":{"rendered":"\n<div class=\"wp-block-stackable-heading stk-block-heading stk-block-heading--v2 stk-block stk-7bf609b\" id=\"cultura-y-lenguas-locales-arte-identidad-e-inclusion\" data-block-id=\"7bf609b\"><h1 class=\"stk-block-heading__text\">Cultura i lleng\u00fces locals: art, identitat i inclusi\u00f3<\/h1><\/div>\n\n<div class=\"wp-block-stackable-columns stk-block-columns stk-block stk-92c0a55\" data-block-id=\"92c0a55\" data-block-type=\"core\"><style>.stk-92c0a55 .stk--block-align-92c0a55{align-items:center !important;}.stk-92c0a55-column{justify-content:center !important;}<\/style><div class=\"stk-row stk-inner-blocks stk--block-align-92c0a55 stk-block-content stk-content-align stk-92c0a55-column stk--flex\">\n<div class=\"wp-block-stackable-column stk-block-column stk-column stk-block stk-6482264 stk-block-background\" data-v=\"4\" data-block-id=\"6482264\"><style>.stk-6482264 {align-self:center !important;background-color:var(--theme-palette-color-1, #FFC114) !important;border-top-left-radius:50px !important;border-top-right-radius:50px !important;border-bottom-right-radius:50px !important;border-bottom-left-radius:50px !important;overflow:hidden !important;padding-top:28px !important;padding-right:28px !important;padding-bottom:28px !important;padding-left:28px !important;}.stk-6482264-inner-blocks{align-items:center !important;}.stk-6482264:before{background-color:var(--theme-palette-color-1, #FFC114) !important;}<\/style><div class=\"stk-column-wrapper stk-block-column__content stk-container stk-6482264-container stk--no-background stk--no-padding\"><div class=\"stk--block-horizontal-flex stk--column-flex stk-block-content stk-inner-blocks stk-6482264-inner-blocks\">\n<figure class=\"wp-block-image size-large is-resized\" data-block-type=\"core\"><img loading=\"lazy\" decoding=\"async\" width=\"1024\" height=\"892\" src=\"https:\/\/www.vitalsenior.es\/wp-content\/uploads\/2026\/02\/vecteezy_under-construction-zone-clipart-design-illustration_9342639-1024x892.png\" alt=\"\" class=\"wp-image-2769\" style=\"width:60px;height:auto\" srcset=\"https:\/\/www.vitalsenior.es\/wp-content\/uploads\/2026\/02\/vecteezy_under-construction-zone-clipart-design-illustration_9342639-1024x892.png 1024w, https:\/\/www.vitalsenior.es\/wp-content\/uploads\/2026\/02\/vecteezy_under-construction-zone-clipart-design-illustration_9342639-300x261.png 300w, https:\/\/www.vitalsenior.es\/wp-content\/uploads\/2026\/02\/vecteezy_under-construction-zone-clipart-design-illustration_9342639-768x669.png 768w, https:\/\/www.vitalsenior.es\/wp-content\/uploads\/2026\/02\/vecteezy_under-construction-zone-clipart-design-illustration_9342639-1536x1338.png 1536w, https:\/\/www.vitalsenior.es\/wp-content\/uploads\/2026\/02\/vecteezy_under-construction-zone-clipart-design-illustration_9342639-2048x1784.png 2048w\" sizes=\"auto, (max-width: 1024px) 100vw, 1024px\" \/><\/figure>\n\n\n\n<div class=\"wp-block-stackable-text stk-block-text stk-block stk-b6124dd\" data-block-id=\"b6124dd\"><style>.stk-b6124dd .stk-block-text__text{font-size:35px !important;color:#fffffe !important;font-weight:bold !important;}@media screen and (max-width:999px){.stk-b6124dd .stk-block-text__text{font-size:35px !important;}}<\/style><p class=\"stk-block-text__text has-text-color\">En desenvolupament! \u00b7 Properament <\/p><\/div>\n<\/div><\/div><\/div>\n<\/div><\/div>\n\n<p data-block-type=\"core\">A <strong>Vital S\u00e8nior<\/strong> defensem la <strong>cultura i les lleng\u00fces com a ponts d&#8217;uni\u00f3<\/strong> entre persones i comunitats. Creiem fermament que <strong>expressar-nos en la nostra llengua i compartir les nostres tradicions<\/strong> enforteix la identitat individual i col\u00b7lectiva, i ens connecta amb les nostres arrels i amb els altres. <\/p>\n\n<p data-block-type=\"core\">El nostre eix de <strong>Cultura i Lleng\u00fces Locals<\/strong> impulsa <strong>projectes creatius i innovadors<\/strong> que acosten les lleng\u00fces a nous parlants, <strong>celebren la diversitat<\/strong> i fomenten la <strong>participaci\u00f3 activa en la vida cultural<\/strong>. A trav\u00e9s de l&#8217;art, la comunicaci\u00f3 i la creaci\u00f3 comunit\u00e0ria, busquem que cada persona pugui sentir-se part d&#8217;un entorn plural, obert i orgull\u00f3s del seu patrimoni ling\u00fc\u00edstic i cultural. <\/p>\n\n<hr class=\"wp-block-separator has-alpha-channel-opacity\"\/ data-block-type=\"core\">\n\n<h3 class=\"wp-block-heading\" data-block-type=\"core\"><strong>Els nostres objectius<\/strong><\/h3>\n\n<ol class=\"wp-block-list\" data-block-type=\"core\">\n<li data-block-type=\"core\"><strong>Impulsar l&#8217;\u00fas i aprenentatge de les lleng\u00fces locals<\/strong> \u2014especialment el catal\u00e0\u2014 en la vida quotidiana i digital, utilitzant formats actuals que connectin amb les noves generacions.<\/li>\n\n\n\n<li data-block-type=\"core\"><strong>Promoure la creativitat cultural com a eina d&#8217; integraci\u00f3 i benestar<\/strong>, refor\u00e7ant el vincle entre llenguatge, emoci\u00f3 i pertinen\u00e7a.<\/li>\n\n\n\n<li data-block-type=\"core\"><strong>Afavorir la participaci\u00f3 intergeneracional<\/strong>, recuperant hist\u00f2ries, sabers i expressions art\u00edstiques a trav\u00e9s de l&#8217; art, la llengua i la mem\u00f2ria compartida.<\/li>\n\n\n\n<li data-block-type=\"core\"><strong>Visibilitzar la diversitat ling\u00fc\u00edstica i cultural<\/strong> com un valor positiu que enriqueix tota la societat.<\/li>\n\n\n\n<li data-block-type=\"core\"><strong>Fomentar la igualtat d&#8217;acc\u00e9s a la cultura<\/strong>, garantint que totes les veus \u2014majors, joves, migrants o locals\u2014 tinguin el seu espai i siguin escoltades.<\/li>\n<\/ol>\n\n<hr class=\"wp-block-separator has-alpha-channel-opacity\"\/ data-block-type=\"core\">\n\n<h3 class=\"wp-block-heading\" data-block-type=\"core\"><strong>Les nostres activitats<\/strong><\/h3>\n\n<p data-block-type=\"core\">Desenvolupem programes que combinen art, tecnologia, humor i participaci\u00f3 social, per fer que les lleng\u00fces locals siguin vives, \u00fatils i atractives per a tots els p\u00fablics:<\/p>\n\n<ul class=\"wp-block-list\" data-block-type=\"core\">\n<li data-block-type=\"core\"><strong>Concursos digitals creatius<\/strong><br\/>Producci\u00f3 de mems, v\u00eddeos, podcasts i contingut en xarxes socials en catal\u00e0 i altres lleng\u00fces locals. Promouen l&#8217;\u00fas natural de l&#8217;idioma en els entorns on m\u00e9s temps passem: les plataformes digitals. <\/li>\n\n\n\n<li data-block-type=\"core\"><strong>Storytelling intergeneracional<\/strong><br\/>Recull d&#8217; hist\u00f2ries de vida de gent gran i migrants, difoses en format audiovisual o podcast. Cada hist\u00f2ria \u00e9s un testimoni viu d&#8217;identitat, resili\u00e8ncia i aprenentatge compartit. <\/li>\n\n\n\n<li data-block-type=\"core\"><strong>Tallers d&#8217; humor i expressi\u00f3 art\u00edstica<\/strong><br\/>Mon\u00f2legs, teatre breu i improvisaci\u00f3 en lleng\u00fces locals per fomentar l&#8217; \u00fas del catal\u00e0 i altres idiomes d&#8217; una forma l\u00fadica, espont\u00e0nia i emocional. L&#8217;humor es converteix en un vehicle de normalitzaci\u00f3 ling\u00fc\u00edstica. <\/li>\n\n\n\n<li data-block-type=\"core\"><strong>Trobades culturals<\/strong><br\/>Recitals de poesia, contacontes, m\u00fasica, dansa i gastronomia que celebren la identitat local i la riquesa de les tradicions populars. Espais on les lleng\u00fces s&#8217;escolten, es viuen i es comparteixen. <\/li>\n\n\n\n<li data-block-type=\"core\"><strong>Campanyes de promoci\u00f3 ling\u00fc\u00edstica<\/strong><br\/>Accions en escoles, universitats i xarxes socials que motiven nous parlants i promouen la conviv\u00e8ncia a trav\u00e9s del respecte i la curiositat cultural.<\/li>\n<\/ul>\n\n<hr class=\"wp-block-separator has-alpha-channel-opacity\"\/ data-block-type=\"core\">\n\n<h3 class=\"wp-block-heading\" data-block-type=\"core\"><strong>Impacte social<\/strong><\/h3>\n\n<p data-block-type=\"core\">L&#8217;eix de Cultura i Lleng\u00fces Locals busca que la <strong>llengua sigui un espai de trobada, no de separaci\u00f3<\/strong>. Cada acci\u00f3 que realitzem refor\u00e7a la cohesi\u00f3 social i la participaci\u00f3 comunit\u00e0ria. <\/p>\n\n<p data-block-type=\"core\">Els nostres projectes generen un impacte real i mesurable:<\/p>\n\n<ul class=\"wp-block-list\" data-block-type=\"core\">\n<li data-block-type=\"core\">M\u00e9s <strong>joves i nous parlants<\/strong> utilitzant el catal\u00e0 i altres lleng\u00fces locals en el seu dia a dia.<\/li>\n\n\n\n<li data-block-type=\"core\">Una <strong>cultura viva<\/strong> que connecta generacions i tradicions.<\/li>\n\n\n\n<li data-block-type=\"core\"><strong>Eines creatives d&#8217; integraci\u00f3<\/strong> per a persones migrants a trav\u00e9s de l&#8217; art i l&#8217; expressi\u00f3.<\/li>\n\n\n\n<li data-block-type=\"core\"><strong>Revaloritzaci\u00f3 del patrimoni ling\u00fc\u00edstic i cultural<\/strong> com a motor de cohesi\u00f3 social, identitat i orgull col\u00b7lectiu.<\/li>\n\n\n\n<li data-block-type=\"core\"><strong>Espais de benestar emocional i pertinen\u00e7a<\/strong>, on cada paraula, gest o record esdev\u00e9 un acte de connexi\u00f3.<\/li>\n<\/ul>\n\n<p data-block-type=\"core\">Per a nosaltres, la llengua \u00e9s <strong>identitat, mem\u00f2ria i futur compartit<\/strong>.<br\/>Defensar-la no \u00e9s nom\u00e9s conservar-la: \u00e9s reinventar-la cada dia a trav\u00e9s de la creativitat i la col\u00b7laboraci\u00f3.<\/p>\n\n<hr class=\"wp-block-separator has-alpha-channel-opacity\"\/ data-block-type=\"core\">\n\n<h3 class=\"wp-block-heading\" data-block-type=\"core\"><strong>Projectes destacats<\/strong><\/h3>\n\n<ul class=\"wp-block-list\" data-block-type=\"core\">\n<li data-block-type=\"core\"><strong>Concurs Juvenil de Creaci\u00f3 Digital en Catal\u00e0<\/strong><br\/>Certamen de v\u00eddeos, mems i humor en catal\u00e0 que motiva joves a expressar-se i crear contingut positiu en llengua catalana.<\/li>\n\n\n\n<li data-block-type=\"core\"><strong>Comedy en catal\u00e0<\/strong><br\/>Tallers i espectacles d&#8217; humor i teatre breu que fan del catal\u00e0 una llengua propera, divertida i quotidiana.<\/li>\n\n\n\n<li data-block-type=\"core\"><strong>Hist\u00f2ries que ens uneixen<\/strong><br\/>Recull de relats intergeneracionals i multiculturals que reflecteixen la diversitat de veus que conviuen en la nostra societat.<\/li>\n<\/ul>\n\n<p data-block-type=\"core\"><a href=\"#\">Veure m\u00e9s projectes de Vital Senior<\/a><\/p>\n","protected":false},"excerpt":{"rendered":"<p>Cultura i lleng\u00fces locals: art, identitat i inclusi\u00f3 A Vital S\u00e8nior defensem la cultura i les lleng\u00fces com a ponts d&#8217;uni\u00f3 entre persones i comunitats. Creiem fermament que expressar-nos en la nostra llengua i compartir les nostres tradicions enforteix la identitat individual i col\u00b7lectiva, i ens connecta amb les nostres arrels i amb els altres. [&hellip;]<\/p>\n","protected":false},"author":1,"featured_media":2556,"parent":0,"menu_order":0,"comment_status":"closed","ping_status":"closed","template":"","meta":{"give_campaign_id":0,"pgc_sgb_lightbox_settings":"","footnotes":""},"class_list":["post-2274","page","type-page","status-publish","has-post-thumbnail","hentry"],"blocksy_meta":[],"campaignId":"","_links":{"self":[{"href":"https:\/\/www.vitalsenior.es\/ca\/wp-json\/wp\/v2\/pages\/2274","targetHints":{"allow":["GET"]}}],"collection":[{"href":"https:\/\/www.vitalsenior.es\/ca\/wp-json\/wp\/v2\/pages"}],"about":[{"href":"https:\/\/www.vitalsenior.es\/ca\/wp-json\/wp\/v2\/types\/page"}],"author":[{"embeddable":true,"href":"https:\/\/www.vitalsenior.es\/ca\/wp-json\/wp\/v2\/users\/1"}],"replies":[{"embeddable":true,"href":"https:\/\/www.vitalsenior.es\/ca\/wp-json\/wp\/v2\/comments?post=2274"}],"version-history":[{"count":3,"href":"https:\/\/www.vitalsenior.es\/ca\/wp-json\/wp\/v2\/pages\/2274\/revisions"}],"predecessor-version":[{"id":2778,"href":"https:\/\/www.vitalsenior.es\/ca\/wp-json\/wp\/v2\/pages\/2274\/revisions\/2778"}],"wp:featuredmedia":[{"embeddable":true,"href":"https:\/\/www.vitalsenior.es\/ca\/wp-json\/wp\/v2\/media\/2556"}],"wp:attachment":[{"href":"https:\/\/www.vitalsenior.es\/ca\/wp-json\/wp\/v2\/media?parent=2274"}],"curies":[{"name":"wp","href":"https:\/\/api.w.org\/{rel}","templated":true}]}}