{"id":2277,"date":"2025-08-26T13:32:47","date_gmt":"2025-08-26T12:32:47","guid":{"rendered":"https:\/\/www.vitalsenior.es\/innovacion-digital-inclusiva\/"},"modified":"2026-02-06T17:56:20","modified_gmt":"2026-02-06T16:56:20","slug":"innovacion-digital-inclusiva","status":"publish","type":"page","link":"https:\/\/www.vitalsenior.es\/ca\/innovacion-digital-inclusiva\/","title":{"rendered":"Innovaci\u00f3 digital inclusiva"},"content":{"rendered":"\n<div class=\"wp-block-stackable-heading stk-block-heading stk-block-heading--v2 stk-block stk-0579dae\" id=\"innovacion-digital-inclusiva\" data-block-id=\"0579dae\"><h1 class=\"stk-block-heading__text\">Innovaci\u00f3 digital inclusiva<\/h1><\/div>\n\n<p data-block-type=\"core\">A <strong>Vital Senior<\/strong> creiem que la tecnologia ha d&#8217;estar al servei de totes les persones, sense importar-ne l&#8217;edat ni l&#8217;origen. El nostre eix d&#8217; <strong>Innovaci\u00f3 digital inclusiva<\/strong> busca reduir la bretxa digital i empoderar les persones grans i els col\u00b7lectius en risc d&#8217;exclusi\u00f3 mitjan\u00e7ant eines digitals, formaci\u00f3 pr\u00e0ctica i experi\u00e8ncies innovadores que milloren el benestar i la participaci\u00f3 en la societat. <\/p>\n\n<div class=\"wp-block-stackable-columns stk-block-columns stk-block stk-92c0a55\" data-block-id=\"92c0a55\" data-block-type=\"core\"><style>.stk-92c0a55 .stk--block-align-92c0a55{align-items:center !important;}.stk-92c0a55-column{justify-content:center !important;}<\/style><div class=\"stk-row stk-inner-blocks stk--block-align-92c0a55 stk-block-content stk-content-align stk-92c0a55-column stk--flex\">\n<div class=\"wp-block-stackable-column stk-block-column stk-column stk-block stk-6482264 stk-block-background\" data-v=\"4\" data-block-id=\"6482264\"><style>.stk-6482264 {align-self:center !important;background-color:var(--theme-palette-color-1, #FFC114) !important;border-top-left-radius:50px !important;border-top-right-radius:50px !important;border-bottom-right-radius:50px !important;border-bottom-left-radius:50px !important;overflow:hidden !important;padding-top:28px !important;padding-right:28px !important;padding-bottom:28px !important;padding-left:28px !important;}.stk-6482264-inner-blocks{align-items:center !important;}.stk-6482264:before{background-color:var(--theme-palette-color-1, #FFC114) !important;}<\/style><div class=\"stk-column-wrapper stk-block-column__content stk-container stk-6482264-container stk--no-background stk--no-padding\"><div class=\"stk--block-horizontal-flex stk--column-flex stk-block-content stk-inner-blocks stk-6482264-inner-blocks\">\n<figure class=\"wp-block-image size-large is-resized\" data-block-type=\"core\"><img loading=\"lazy\" decoding=\"async\" width=\"1024\" height=\"892\" src=\"https:\/\/www.vitalsenior.es\/wp-content\/uploads\/2026\/02\/vecteezy_under-construction-zone-clipart-design-illustration_9342639-1024x892.png\" alt=\"\" class=\"wp-image-2769\" style=\"width:60px;height:auto\" srcset=\"https:\/\/www.vitalsenior.es\/wp-content\/uploads\/2026\/02\/vecteezy_under-construction-zone-clipart-design-illustration_9342639-1024x892.png 1024w, https:\/\/www.vitalsenior.es\/wp-content\/uploads\/2026\/02\/vecteezy_under-construction-zone-clipart-design-illustration_9342639-300x261.png 300w, https:\/\/www.vitalsenior.es\/wp-content\/uploads\/2026\/02\/vecteezy_under-construction-zone-clipart-design-illustration_9342639-768x669.png 768w, https:\/\/www.vitalsenior.es\/wp-content\/uploads\/2026\/02\/vecteezy_under-construction-zone-clipart-design-illustration_9342639-1536x1338.png 1536w, https:\/\/www.vitalsenior.es\/wp-content\/uploads\/2026\/02\/vecteezy_under-construction-zone-clipart-design-illustration_9342639-2048x1784.png 2048w\" sizes=\"auto, (max-width: 1024px) 100vw, 1024px\" \/><\/figure>\n\n\n\n<div class=\"wp-block-stackable-text stk-block-text stk-block stk-b6124dd\" data-block-id=\"b6124dd\"><style>.stk-b6124dd .stk-block-text__text{font-size:35px !important;color:#fffffe !important;font-weight:bold !important;}@media screen and (max-width:999px){.stk-b6124dd .stk-block-text__text{font-size:35px !important;}}<\/style><p class=\"stk-block-text__text has-text-color\">En desenvolupament! \u00b7 Properament <\/p><\/div>\n<\/div><\/div><\/div>\n<\/div><\/div>\n\n<h2 class=\"wp-block-heading\" data-block-type=\"core\">\u2728 Els nostres objectius<\/h2>\n\n<ul class=\"wp-block-list\" data-block-type=\"core\">\n<li data-block-type=\"core\">Reduir la <strong>bretxa digital<\/strong> que afecta grans i col\u00b7lectius vulnerables.<\/li>\n\n\n\n<li data-block-type=\"core\">Promoure l&#8217; <strong>alfabetitzaci\u00f3 digital<\/strong> per gestionar els tr\u00e0mits, accedir a serveis i comunicar-se millor.<\/li>\n\n\n\n<li data-block-type=\"core\">Introduir tecnologies innovadores (realitat virtual, realitat augmentada) per a l&#8217;aprenentatge, la mem\u00f2ria i l&#8217;entreteniment.<\/li>\n\n\n\n<li data-block-type=\"core\">Crear <strong>espais digitals inclusius<\/strong> on les persones puguin compartir, aprendre i col\u00b7laborar.<\/li>\n<\/ul>\n\n<h2 class=\"wp-block-heading\" data-block-type=\"core\">\ud83c\udfaf Les nostres activitats<\/h2>\n\n<ul class=\"wp-block-list\" data-block-type=\"core\">\n<li data-block-type=\"core\"><strong>Tallers de compet\u00e8ncies digitals<\/strong> : \u00fas de smartphone, videotrucades, apps de salut, banca online i xarxes socials.<\/li>\n\n\n\n<li data-block-type=\"core\"><strong>Formaci\u00f3 pr\u00e0ctica intergeneracional<\/strong> : joves ensenyen eines digitals a gent gran en un intercanvi enriquidor.<\/li>\n\n\n\n<li data-block-type=\"core\"><strong>Realitat virtual i augmentada<\/strong> : experi\u00e8ncies immersives per estimular la mem\u00f2ria, l&#8217;aprenentatge i la creativitat.<\/li>\n\n\n\n<li data-block-type=\"core\"><strong>Plataforma Vital Senior<\/strong> : entorn digital amb materials, tallers online i recursos accessibles.<\/li>\n\n\n\n<li data-block-type=\"core\"><strong>Assessorament personalitzat<\/strong> : acompanyament per resoldre dubtes i guanyar seguretat en l&#8217;\u00fas de la tecnologia.<\/li>\n<\/ul>\n\n<h2 class=\"wp-block-heading\" data-block-type=\"core\">\ud83c\udf0d Impacte social<\/h2>\n\n<p data-block-type=\"core\">La innovaci\u00f3 digital inclusiva no nom\u00e9s connecta les persones amb la tecnologia, sin\u00f3 tamb\u00e9 entre elles:<\/p>\n\n<ul class=\"wp-block-list\" data-block-type=\"core\">\n<li data-block-type=\"core\">M\u00e9s autonomia per gestionar la vida di\u00e0ria.<\/li>\n\n\n\n<li data-block-type=\"core\">Menys a\u00efllament gr\u00e0cies a la comunicaci\u00f3 digital.<\/li>\n\n\n\n<li data-block-type=\"core\">Majors i col\u00b7lectius vulnerables m\u00e9s connectats i participatius.<\/li>\n\n\n\n<li data-block-type=\"core\">Acc\u00e9s igualitari als beneficis de la transformaci\u00f3 digital.<\/li>\n<\/ul>\n\n<p data-block-type=\"core\">Per a nosaltres, <strong>la tecnologia \u00e9s inclusi\u00f3 quan \u00e9s accessible per a tothom<\/strong> .<\/p>\n\n<h2 class=\"wp-block-heading\" data-block-type=\"core\">\ud83d\ude80 Projectes relacionats<\/h2>\n\n<ul class=\"wp-block-list\" data-block-type=\"core\">\n<li data-block-type=\"core\">\ud83d\udcf1 <strong>Vital Tech<\/strong> \u2013 Programa de formaci\u00f3 digital pr\u00e0ctica per a gent gran.<\/li>\n\n\n\n<li data-block-type=\"core\">\ud83c\udfae <strong>Realitat virtual per a la mem\u00f2ria<\/strong> \u2013 Tallers amb experi\u00e8ncies immersives adaptades a la tercera edat.<\/li>\n\n\n\n<li data-block-type=\"core\">\ud83d\udc69\u200d\ud83d\udcbb <strong>Mentoria digital intergeneracional<\/strong> \u2013 Joves ensenyen tecnologia a gent gran i reben acompanyament cultural a canvi.<\/li>\n<\/ul>\n\n<p data-block-type=\"core\"><a href=\"#\">Veure m\u00e9s projectes de Vital Senior<\/a><\/p>\n","protected":false},"excerpt":{"rendered":"<p>Innovaci\u00f3 digital inclusiva A Vital Senior creiem que la tecnologia ha d&#8217;estar al servei de totes les persones, sense importar-ne l&#8217;edat ni l&#8217;origen. El nostre eix d&#8217; Innovaci\u00f3 digital inclusiva busca reduir la bretxa digital i empoderar les persones grans i els col\u00b7lectius en risc d&#8217;exclusi\u00f3 mitjan\u00e7ant eines digitals, formaci\u00f3 pr\u00e0ctica i experi\u00e8ncies innovadores que [&hellip;]<\/p>\n","protected":false},"author":1,"featured_media":0,"parent":0,"menu_order":0,"comment_status":"closed","ping_status":"closed","template":"","meta":{"give_campaign_id":0,"pgc_sgb_lightbox_settings":"","footnotes":""},"class_list":["post-2277","page","type-page","status-publish","hentry"],"blocksy_meta":[],"campaignId":"","_links":{"self":[{"href":"https:\/\/www.vitalsenior.es\/ca\/wp-json\/wp\/v2\/pages\/2277","targetHints":{"allow":["GET"]}}],"collection":[{"href":"https:\/\/www.vitalsenior.es\/ca\/wp-json\/wp\/v2\/pages"}],"about":[{"href":"https:\/\/www.vitalsenior.es\/ca\/wp-json\/wp\/v2\/types\/page"}],"author":[{"embeddable":true,"href":"https:\/\/www.vitalsenior.es\/ca\/wp-json\/wp\/v2\/users\/1"}],"replies":[{"embeddable":true,"href":"https:\/\/www.vitalsenior.es\/ca\/wp-json\/wp\/v2\/comments?post=2277"}],"version-history":[{"count":3,"href":"https:\/\/www.vitalsenior.es\/ca\/wp-json\/wp\/v2\/pages\/2277\/revisions"}],"predecessor-version":[{"id":2780,"href":"https:\/\/www.vitalsenior.es\/ca\/wp-json\/wp\/v2\/pages\/2277\/revisions\/2780"}],"wp:attachment":[{"href":"https:\/\/www.vitalsenior.es\/ca\/wp-json\/wp\/v2\/media?parent=2277"}],"curies":[{"name":"wp","href":"https:\/\/api.w.org\/{rel}","templated":true}]}}