{"id":2297,"date":"2025-04-07T00:23:43","date_gmt":"2025-04-06T23:23:43","guid":{"rendered":"https:\/\/www.vitalsenior.es\/curso-estimulacion-cognitiva\/"},"modified":"2026-02-06T18:00:17","modified_gmt":"2026-02-06T17:00:17","slug":"curso-estimulacion-cognitiva","status":"publish","type":"page","link":"https:\/\/www.vitalsenior.es\/ca\/curso-estimulacion-cognitiva\/","title":{"rendered":"Curs"},"content":{"rendered":"\n<div class=\"wp-block-stackable-columns alignfull stk-block-columns stk-block stk-f3c9ac3\" data-block-id=\"f3c9ac3\"><style>.stk-f3c9ac3-column{--stk-column-gap:38px !important;}<\/style><div class=\"stk-row stk-inner-blocks stk-block-content stk-content-align stk-f3c9ac3-column\">\n<div class=\"wp-block-stackable-column stk-block-column stk-column stk-block stk-d432dc4\" data-v=\"4\" data-block-id=\"d432dc4\"><div class=\"stk-column-wrapper stk-block-column__content stk-container stk-d432dc4-container stk--no-background stk--no-padding\"><div class=\"stk-block-content stk-inner-blocks stk-d432dc4-inner-blocks\">\n<div class=\"wp-block-stackable-image stk-block-image stk-block stk-6373063\" data-block-id=\"6373063\"><style>.stk-6373063 {border-top-left-radius:10px !important;border-top-right-radius:10px !important;border-bottom-right-radius:10px !important;border-bottom-left-radius:10px !important;overflow:hidden !important;}.stk-6373063 .stk-img-wrapper{height:500px !important;}<\/style><figure><span class=\"stk-img-wrapper stk-image--shape-stretch\"><img loading=\"lazy\" decoding=\"async\" class=\"stk-img wp-image-1770\" src=\"https:\/\/www.vitalsenior.es\/wp-content\/uploads\/2025\/04\/brain_training_power_of_mind.jpg\" width=\"1752\" height=\"1168\" srcset=\"https:\/\/www.vitalsenior.es\/wp-content\/uploads\/2025\/04\/brain_training_power_of_mind.jpg 1752w, https:\/\/www.vitalsenior.es\/wp-content\/uploads\/2025\/04\/brain_training_power_of_mind-600x400.jpg 600w, https:\/\/www.vitalsenior.es\/wp-content\/uploads\/2025\/04\/brain_training_power_of_mind-300x200.jpg 300w, https:\/\/www.vitalsenior.es\/wp-content\/uploads\/2025\/04\/brain_training_power_of_mind-1024x683.jpg 1024w, https:\/\/www.vitalsenior.es\/wp-content\/uploads\/2025\/04\/brain_training_power_of_mind-768x512.jpg 768w, https:\/\/www.vitalsenior.es\/wp-content\/uploads\/2025\/04\/brain_training_power_of_mind-1536x1024.jpg 1536w\" sizes=\"auto, (max-width: 1752px) 100vw, 1752px\" \/><\/span><\/figure><\/div>\n<\/div><\/div><\/div>\n\n\n\n<div class=\"wp-block-stackable-column stk-block-column stk-column stk-block stk-29a1761\" data-v=\"4\" data-block-id=\"29a1761\"><style>.stk-29a1761 {align-self:center !important;}<\/style><div class=\"stk-column-wrapper stk-block-column__content stk-container stk-29a1761-container stk--no-background stk--no-padding\"><div class=\"stk-block-content stk-inner-blocks stk-29a1761-inner-blocks\">\n<div class=\"wp-block-stackable-heading stk-block-heading stk-block-heading--v2 stk-block stk-f647624\" id=\"strong-curso-online-de-estimulacion-cognitiva-para-mayores-strong\" data-block-id=\"f647624\"><style>.stk-f647624 .stk-block-heading__text{font-size:40px !important;}@media screen and (max-width:999px){.stk-f647624 .stk-block-heading__text{font-size:40px !important;}}<\/style><h1 class=\"stk-block-heading__text\"><strong>Curs Online d&#8217;Estimulaci\u00f3 Cognitiva per a Majors<\/strong><\/h1><\/div>\n\n\n\n<p data-block-type=\"core\">Sab\u00edeu que \u00e9s possible mantenir el vostre cervell jove, actiu i ple d&#8217;energia a qualsevol edat? Creem un curs en l\u00ednia \u00fanic, recolzat per un equip professional format per metges, psic\u00f2legs i experts en estimulaci\u00f3 cognitiva. El nostre objectiu \u00e9s senzill per\u00f2 poder\u00f3s: ajudar-vos a gaudir d&#8217;una ment l\u00facida i plena de vitalitat tota la vida.  <\/p>\n<\/div><\/div><\/div>\n<\/div><\/div>\n\n<div class=\"wp-block-stackable-spacer stk-block-spacer stk--no-padding stk-block stk-7d0cc3c\" data-block-id=\"7d0cc3c\"><\/div>\n\n<div class=\"wp-block-stackable-columns stk-block-columns stk-block stk-92c0a55\" data-block-id=\"92c0a55\" data-block-type=\"core\"><style>.stk-92c0a55 .stk--block-align-92c0a55{align-items:center !important;}.stk-92c0a55-column{justify-content:center !important;}<\/style><div class=\"stk-row stk-inner-blocks stk--block-align-92c0a55 stk-block-content stk-content-align stk-92c0a55-column stk--flex\">\n<div class=\"wp-block-stackable-column stk-block-column stk-column stk-block stk-6482264 stk-block-background\" data-v=\"4\" data-block-id=\"6482264\"><style>.stk-6482264 {align-self:center !important;background-color:var(--theme-palette-color-1, #FFC114) !important;border-top-left-radius:50px !important;border-top-right-radius:50px !important;border-bottom-right-radius:50px !important;border-bottom-left-radius:50px !important;overflow:hidden !important;padding-top:28px !important;padding-right:28px !important;padding-bottom:28px !important;padding-left:28px !important;}.stk-6482264-inner-blocks{align-items:center !important;}.stk-6482264:before{background-color:var(--theme-palette-color-1, #FFC114) !important;}<\/style><div class=\"stk-column-wrapper stk-block-column__content stk-container stk-6482264-container stk--no-background stk--no-padding\"><div class=\"stk--block-horizontal-flex stk--column-flex stk-block-content stk-inner-blocks stk-6482264-inner-blocks\">\n<figure class=\"wp-block-image size-large is-resized\" data-block-type=\"core\"><img loading=\"lazy\" decoding=\"async\" width=\"1024\" height=\"892\" src=\"https:\/\/www.vitalsenior.es\/wp-content\/uploads\/2026\/02\/vecteezy_under-construction-zone-clipart-design-illustration_9342639-1024x892.png\" alt=\"\" class=\"wp-image-2769\" style=\"width:60px;height:auto\" srcset=\"https:\/\/www.vitalsenior.es\/wp-content\/uploads\/2026\/02\/vecteezy_under-construction-zone-clipart-design-illustration_9342639-1024x892.png 1024w, https:\/\/www.vitalsenior.es\/wp-content\/uploads\/2026\/02\/vecteezy_under-construction-zone-clipart-design-illustration_9342639-300x261.png 300w, https:\/\/www.vitalsenior.es\/wp-content\/uploads\/2026\/02\/vecteezy_under-construction-zone-clipart-design-illustration_9342639-768x669.png 768w, https:\/\/www.vitalsenior.es\/wp-content\/uploads\/2026\/02\/vecteezy_under-construction-zone-clipart-design-illustration_9342639-1536x1338.png 1536w, https:\/\/www.vitalsenior.es\/wp-content\/uploads\/2026\/02\/vecteezy_under-construction-zone-clipart-design-illustration_9342639-2048x1784.png 2048w\" sizes=\"auto, (max-width: 1024px) 100vw, 1024px\" \/><\/figure>\n\n\n\n<div class=\"wp-block-stackable-text stk-block-text stk-block stk-b6124dd\" data-block-id=\"b6124dd\"><style>.stk-b6124dd .stk-block-text__text{font-size:35px !important;color:#fffffe !important;font-weight:bold !important;}@media screen and (max-width:999px){.stk-b6124dd .stk-block-text__text{font-size:35px !important;}}<\/style><p class=\"stk-block-text__text has-text-color\">En desenvolupament! \u00b7 Properament <\/p><\/div>\n<\/div><\/div><\/div>\n<\/div><\/div>\n\n<div class=\"wp-block-stackable-columns alignfull stk-block-columns stk-block stk-f065937\" data-block-id=\"f065937\"><div class=\"stk-row stk-inner-blocks stk-block-content stk-content-align stk-f065937-column\">\n<div class=\"wp-block-stackable-column stk-block-column stk-column stk-block stk-7fccdbf\" data-v=\"4\" data-block-id=\"7fccdbf\"><div class=\"stk-column-wrapper stk-block-column__content stk-container stk-7fccdbf-container stk--no-background stk--no-padding\"><div class=\"stk-block-content stk-inner-blocks stk-7fccdbf-inner-blocks\">\n<div class=\"wp-block-stackable-columns stk-block-columns stk-block stk-c88d997\" data-block-id=\"c88d997\"><div class=\"stk-row stk-inner-blocks stk-block-content stk-content-align stk-c88d997-column\">\n<div class=\"wp-block-stackable-column stk-block-column stk-column stk-block stk-44a7149\" data-v=\"4\" data-block-id=\"44a7149\"><div class=\"stk-column-wrapper stk-block-column__content stk-container stk-44a7149-container stk--no-background stk--no-padding\"><div class=\"stk-block-content stk-inner-blocks stk-44a7149-inner-blocks\">\n<div class=\"wp-block-stackable-heading stk-block-heading stk-block-heading--v2 stk-block stk-c62b9da\" id=\"por-que-elegir-nuestro-curso-online\" data-block-id=\"c62b9da\"><h2 class=\"stk-block-heading__text\">Per qu\u00e8 escollir el nostre curs en l\u00ednia?<\/h2><\/div>\n\n\n\n<div class=\"wp-block-stackable-text stk-block-text stk-block stk-b226d11\" data-block-id=\"b226d11\"><p class=\"stk-block-text__text\">Aquest curs no \u00e9s nom\u00e9s un conjunt de t\u00e8cniques i exercicis: \u00e9s una experi\u00e8ncia divertida, pr\u00e0ctica i basada en evid\u00e8ncia cient\u00edfica, dissenyada per assolir resultats reals i duradors.<\/p><\/div>\n\n\n\n<p data-block-type=\"core\"><strong>Qu\u00e8 aconseguir\u00e0s amb el nostre curs:<\/strong><\/p>\n\n\n\n<p data-block-type=\"core\">\u2705 Reduir\u00e0s el risc de desenvolupar Alzheimer i dem\u00e8ncies no gen\u00e8tiques.<\/p>\n\n\n\n<p data-block-type=\"core\">\u2705 Millorar\u00e0s notablement la teva mem\u00f2ria i concentraci\u00f3.<\/p>\n\n\n\n<p data-block-type=\"core\">\u2705 Augmentar\u00e0s la teva energia mental i benestar emocional.<\/p>\n\n\n\n<p data-block-type=\"core\">\u2705 Aprendr\u00e0s a reduir l&#8217;estr\u00e8s, l&#8217;ansietat i prevenir estats depressius.<\/p>\n\n\n\n<p data-block-type=\"core\">\u2705 Adquirir\u00e0s h\u00e0bits saludables per mantenir el teu cervell jove i actiu.<\/p>\n<\/div><\/div><\/div>\n<\/div><\/div>\n<\/div><\/div><\/div>\n<\/div><\/div>\n\n<div class=\"wp-block-stackable-spacer stk-block-spacer stk--no-padding stk-block stk-466d76f\" data-block-id=\"466d76f\"><\/div>\n\n<div class=\"wp-block-columns is-layout-flex wp-container-core-columns-is-layout-28f84493 wp-block-columns-is-layout-flex\" data-block-type=\"core\">\n<div class=\"wp-block-column is-layout-flow wp-block-column-is-layout-flow\" data-block-type=\"core\"><\/div>\n<\/div>\n\n<div class=\"wp-block-stackable-columns alignfull stk-block-columns stk-block stk-d08209e\" data-block-id=\"d08209e\"><div class=\"stk-row stk-inner-blocks stk-block-content stk-content-align stk-d08209e-column\">\n<div class=\"wp-block-stackable-column stk-block-column stk-column stk-block stk-7e98d8b\" data-v=\"4\" data-block-id=\"7e98d8b\"><div class=\"stk-column-wrapper stk-block-column__content stk-container stk-7e98d8b-container stk--no-background stk--no-padding\"><div class=\"stk-block-content stk-inner-blocks stk-7e98d8b-inner-blocks\">\n<div class=\"wp-block-stackable-heading stk-block-heading stk-block-heading--v2 stk-block stk-ce9418e\" id=\"como-funciona-el-curso\" data-block-id=\"ce9418e\"><h2 class=\"stk-block-heading__text\">Com funciona el curs?<\/h2><\/div>\n\n\n\n<div class=\"wp-block-stackable-text stk-block-text stk-block stk-af40c18\" data-block-id=\"af40c18\"><p class=\"stk-block-text__text\">El nostre curs en l\u00ednia est\u00e0 compost per 5 m\u00f2duls curts, amens i f\u00e0cils de seguir des de casa, al teu ritme, sense presses ni complicacions.<\/p><\/div>\n\n\n\n<p data-block-type=\"core\"><strong>Continguts del curs:<\/strong><\/p>\n\n\n\n<p data-block-type=\"core\"><strong>M\u00f2dul 1: Activaci\u00f3 cognitiva efectiva<\/strong> Apr\u00e8n exercicis divertits i senzills per mantenir activa la teva mem\u00f2ria i atenci\u00f3.<\/p>\n\n\n\n<p data-block-type=\"core\"><strong>M\u00f2dul 2: Nutrici\u00f3 cerebral<\/strong> Coneix com influeix l&#8217;alimentaci\u00f3 al cervell i rep pautes de nutrici\u00f3 f\u00e0cils d&#8217;implementar.<\/p>\n\n\n\n<p data-block-type=\"core\"><strong>M\u00f2dul 3: Gesti\u00f3 emocional i benestar mental<\/strong> T\u00e8cniques professionals per reduir estr\u00e8s, ansietat i mantenir un estat emocional equilibrat.<\/p>\n\n\n\n<p data-block-type=\"core\"><strong>M\u00f2dul 4: H\u00e0bits saludables i estil de vida<\/strong> Integra f\u00e0cilment al teu dia a dia rutines saludables que beneficiaran la teva salut cerebral.<\/p>\n\n\n\n<p data-block-type=\"core\"><strong>M\u00f2dul 5: Prevenir el deteriorament cognitiu<\/strong> Estrat\u00e8gies pr\u00e0ctiques i basades en ci\u00e8ncia per prevenir dem\u00e8ncies i protegir la teva ment a llarg termini.<\/p>\n\n\n\n<p data-block-type=\"core\"><\/p>\n<\/div><\/div><\/div>\n<\/div><\/div>\n\n<div class=\"wp-block-stackable-columns alignfull stk-block-columns stk-block stk-ddab167\" data-block-id=\"ddab167\"><div class=\"stk-row stk-inner-blocks stk-block-content stk-content-align stk-ddab167-column\">\n<div class=\"wp-block-stackable-column stk-block-column stk-column stk-block stk-af119e2\" data-v=\"4\" data-block-id=\"af119e2\"><div class=\"stk-column-wrapper stk-block-column__content stk-container stk-af119e2-container stk--no-background stk--no-padding\"><div class=\"stk-block-content stk-inner-blocks stk-af119e2-inner-blocks\">\n<div class=\"wp-block-stackable-heading stk-block-heading stk-block-heading--v2 stk-block stk-ae08b67\" id=\"como-funciona-el-curso\" data-block-id=\"ae08b67\"><h2 class=\"stk-block-heading__text\">Com funciona el curs?<\/h2><\/div>\n\n\n\n<div class=\"wp-block-stackable-text stk-block-text stk-block stk-4f799a1\" data-block-id=\"4f799a1\"><p class=\"stk-block-text__text\">Aquest curs \u00e9s ideal per a tu o com a regal especial per als teus pares, avis o qualsevol familiar que vulgui mantenir el seu cervell jove, actiu i feli\u00e7. \u00c9s un regal de salut mental i benestar que agrairan sempre. <\/p><\/div>\n<\/div><\/div><\/div>\n<\/div><\/div>\n\n<div class=\"wp-block-stackable-columns alignfull stk-block-columns stk-block stk-265be44\" data-block-id=\"265be44\"><div class=\"stk-row stk-inner-blocks stk-block-content stk-content-align stk-265be44-column\">\n<div class=\"wp-block-stackable-column stk-block-column stk-column stk-block stk-d3d307f\" data-v=\"4\" data-block-id=\"d3d307f\"><div class=\"stk-column-wrapper stk-block-column__content stk-container stk-d3d307f-container stk--no-background stk--no-padding\"><div class=\"stk-block-content stk-inner-blocks stk-d3d307f-inner-blocks\">\n<div class=\"wp-block-stackable-heading stk-block-heading stk-block-heading--v2 stk-block stk-7a1faec\" id=\"regalate-o-regala-bienestar\" data-block-id=\"7a1faec\"><h2 class=\"stk-block-heading__text\">Regala&#8217;t o regala benestar<\/h2><\/div>\n\n\n\n<div class=\"wp-block-stackable-text stk-block-text stk-block stk-e685800\" data-block-id=\"e685800\"><p class=\"stk-block-text__text\">El teu cervell mereix el millor. Inverteix en tu o en els teus \u00e9ssers estimats i experimenta una transformaci\u00f3 positiva a la teva qualitat de vida. <\/p><\/div>\n\n\n\n<p data-block-type=\"core\"><strong>Comen\u00e7a avui i viu amb una ment sana, feli\u00e7 i plena de vitalitat!<\/strong><\/p>\n<\/div><\/div><\/div>\n<\/div><\/div>\n\n<p data-block-type=\"core\"><\/p>\n","protected":false},"excerpt":{"rendered":"<p>Curs Online d&#8217;Estimulaci\u00f3 Cognitiva per a Majors Sab\u00edeu que \u00e9s possible mantenir el vostre cervell jove, actiu i ple d&#8217;energia a qualsevol edat? Creem un curs en l\u00ednia \u00fanic, recolzat per un equip professional format per metges, psic\u00f2legs i experts en estimulaci\u00f3 cognitiva. El nostre objectiu \u00e9s senzill per\u00f2 poder\u00f3s: ajudar-vos a gaudir d&#8217;una ment [&hellip;]<\/p>\n","protected":false},"author":1,"featured_media":0,"parent":0,"menu_order":2,"comment_status":"closed","ping_status":"closed","template":"","meta":{"give_campaign_id":0,"pgc_sgb_lightbox_settings":"","footnotes":""},"class_list":["post-2297","page","type-page","status-publish","hentry"],"blocksy_meta":{"has_hero_section":"disabled","styles_descriptor":{"styles":{"desktop":"","tablet":"","mobile":""},"google_fonts":[],"version":6},"vertical_spacing_source":"custom","content_area_spacing":"none"},"campaignId":"","_links":{"self":[{"href":"https:\/\/www.vitalsenior.es\/ca\/wp-json\/wp\/v2\/pages\/2297","targetHints":{"allow":["GET"]}}],"collection":[{"href":"https:\/\/www.vitalsenior.es\/ca\/wp-json\/wp\/v2\/pages"}],"about":[{"href":"https:\/\/www.vitalsenior.es\/ca\/wp-json\/wp\/v2\/types\/page"}],"author":[{"embeddable":true,"href":"https:\/\/www.vitalsenior.es\/ca\/wp-json\/wp\/v2\/users\/1"}],"replies":[{"embeddable":true,"href":"https:\/\/www.vitalsenior.es\/ca\/wp-json\/wp\/v2\/comments?post=2297"}],"version-history":[{"count":2,"href":"https:\/\/www.vitalsenior.es\/ca\/wp-json\/wp\/v2\/pages\/2297\/revisions"}],"predecessor-version":[{"id":2785,"href":"https:\/\/www.vitalsenior.es\/ca\/wp-json\/wp\/v2\/pages\/2297\/revisions\/2785"}],"wp:attachment":[{"href":"https:\/\/www.vitalsenior.es\/ca\/wp-json\/wp\/v2\/media?parent=2297"}],"curies":[{"name":"wp","href":"https:\/\/api.w.org\/{rel}","templated":true}]}}